{"id":750,"date":"2023-12-09T18:36:14","date_gmt":"2023-12-09T17:36:14","guid":{"rendered":"http:\/\/francoisejeannin.com\/?page_id=750"},"modified":"2025-04-18T07:50:10","modified_gmt":"2025-04-18T05:50:10","slug":"lartiste","status":"publish","type":"page","link":"https:\/\/francoisejeannin.com\/index.php\/lartiste\/","title":{"rendered":"L&rsquo;artiste"},"content":{"rendered":"\n<div class=\"wp-block-group alignwide is-horizontal is-content-justification-left is-layout-flex wp-container-core-group-is-layout-d195355f wp-block-group-is-layout-flex\" style=\"padding-top:5px;padding-bottom:34px\">\n<div class=\"wp-block-group is-content-justification-center is-layout-flex wp-container-core-group-is-layout-a89b3969 wp-block-group-is-layout-flex\"><div class=\"wp-block-site-logo\"><a href=\"https:\/\/francoisejeannin.com\/\" class=\"custom-logo-link\" rel=\"home\"><img loading=\"lazy\" decoding=\"async\" width=\"140\" height=\"140\" src=\"https:\/\/francoisejeannin.com\/wp-content\/uploads\/2023\/12\/FJ-Noir.png\" class=\"custom-logo\" alt=\"Fran\u00e7oise JEANNIN\" srcset=\"https:\/\/francoisejeannin.com\/wp-content\/uploads\/2023\/12\/FJ-Noir.png 500w, https:\/\/francoisejeannin.com\/wp-content\/uploads\/2023\/12\/FJ-Noir-300x300.png 300w, https:\/\/francoisejeannin.com\/wp-content\/uploads\/2023\/12\/FJ-Noir-150x150.png 150w\" sizes=\"auto, (max-width: 140px) 100vw, 140px\" \/><\/a><\/div>\n\n\n<div class=\"wp-block-group is-layout-flow wp-block-group-is-layout-flow\"><h1 style=\"font-style:normal;font-weight:700;line-height:1.5; margin-top:0px;margin-bottom:0px;margin-left:0;margin-right:0;\" class=\"wp-block-site-title has-large-font-size\">Fran\u00e7oise JEANNIN<\/h1>\n\n<p style=\"font-style:italic;font-weight:400; margin-top:0.25em;margin-bottom:0px;\" class=\"wp-block-site-tagline has-small-font-size\">Bijoux Papier<\/p><\/div>\n<\/div>\n\n\n<nav class=\"is-responsive items-justified-left wp-block-navigation is-content-justification-left is-layout-flex wp-container-core-navigation-is-layout-8eed085e wp-block-navigation-is-layout-flex\" aria-label=\"Navigation 9\" \n\t\t data-wp-interactive=\"core\/navigation\" data-wp-context='{\"overlayOpenedBy\":{\"click\":false,\"hover\":false,\"focus\":false},\"type\":\"overlay\",\"roleAttribute\":\"\",\"ariaLabel\":\"Menu\"}'><button aria-haspopup=\"dialog\" aria-label=\"Ouvrir le menu\" class=\"wp-block-navigation__responsive-container-open\" \n\t\t\t\tdata-wp-on--click=\"actions.openMenuOnClick\"\n\t\t\t\tdata-wp-on--keydown=\"actions.handleMenuKeydown\"\n\t\t\t><svg width=\"24\" height=\"24\" xmlns=\"http:\/\/www.w3.org\/2000\/svg\" viewBox=\"0 0 24 24\" aria-hidden=\"true\" focusable=\"false\"><path d=\"M4 7.5h16v1.5H4z\"><\/path><path d=\"M4 15h16v1.5H4z\"><\/path><\/svg><\/button>\n\t\t\t\t<div class=\"wp-block-navigation__responsive-container\"  id=\"modal-1\" \n\t\t\t\tdata-wp-class--has-modal-open=\"state.isMenuOpen\"\n\t\t\t\tdata-wp-class--is-menu-open=\"state.isMenuOpen\"\n\t\t\t\tdata-wp-watch=\"callbacks.initMenu\"\n\t\t\t\tdata-wp-on--keydown=\"actions.handleMenuKeydown\"\n\t\t\t\tdata-wp-on--focusout=\"actions.handleMenuFocusout\"\n\t\t\t\ttabindex=\"-1\"\n\t\t\t>\n\t\t\t\t\t<div class=\"wp-block-navigation__responsive-close\" tabindex=\"-1\">\n\t\t\t\t\t\t<div class=\"wp-block-navigation__responsive-dialog\" \n\t\t\t\tdata-wp-bind--aria-modal=\"state.ariaModal\"\n\t\t\t\tdata-wp-bind--aria-label=\"state.ariaLabel\"\n\t\t\t\tdata-wp-bind--role=\"state.roleAttribute\"\n\t\t\t>\n\t\t\t\t\t\t\t<button aria-label=\"Fermer le menu\" class=\"wp-block-navigation__responsive-container-close\" \n\t\t\t\tdata-wp-on--click=\"actions.closeMenuOnClick\"\n\t\t\t><svg xmlns=\"http:\/\/www.w3.org\/2000\/svg\" viewBox=\"0 0 24 24\" width=\"24\" height=\"24\" aria-hidden=\"true\" focusable=\"false\"><path d=\"m13.06 12 6.47-6.47-1.06-1.06L12 10.94 5.53 4.47 4.47 5.53 10.94 12l-6.47 6.47 1.06 1.06L12 13.06l6.47 6.47 1.06-1.06L13.06 12Z\"><\/path><\/svg><\/button>\n\t\t\t\t\t\t\t<div class=\"wp-block-navigation__responsive-container-content\" \n\t\t\t\tdata-wp-watch=\"callbacks.focusFirstElement\"\n\t\t\t id=\"modal-1-content\">\n\t\t\t\t\t\t\t\t<ul class=\"wp-block-navigation__container is-responsive items-justified-left wp-block-navigation\"><li class=\" wp-block-navigation-item wp-block-navigation-link\"><a class=\"wp-block-navigation-item__content\"  href=\"http:\/\/francoisejeannin.com\/\"><span class=\"wp-block-navigation-item__label\">Accueil<\/span><\/a><\/li><li class=\" wp-block-navigation-item wp-block-navigation-link\"><a class=\"wp-block-navigation-item__content\"  href=\"http:\/\/francoisejeannin.com\/index.php\/lartiste\/\"><span class=\"wp-block-navigation-item__label\">Biographie<\/span><\/a><\/li><li class=\" wp-block-navigation-item wp-block-navigation-link\"><a class=\"wp-block-navigation-item__content\"  href=\"http:\/\/francoisejeannin.com\/index.php\/expositions\/\"><span class=\"wp-block-navigation-item__label\">Expositions<\/span><\/a><\/li><li data-wp-context=\"{ &quot;submenuOpenedBy&quot;: { &quot;click&quot;: false, &quot;hover&quot;: false, &quot;focus&quot;: false }, &quot;type&quot;: &quot;submenu&quot;, &quot;modal&quot;: null, &quot;previousFocus&quot;: null }\" data-wp-interactive=\"core\/navigation\" data-wp-on--focusout=\"actions.handleMenuFocusout\" data-wp-on--keydown=\"actions.handleMenuKeydown\" data-wp-on--mouseenter=\"actions.openMenuOnHover\" data-wp-on--mouseleave=\"actions.closeMenuOnHover\" data-wp-watch=\"callbacks.initMenu\" tabindex=\"-1\" class=\"wp-block-navigation-item has-child open-on-hover-click wp-block-navigation-submenu\"><a class=\"wp-block-navigation-item__content\" href=\"http:\/\/francoisejeannin.com\/index.php\/la-galerie\/\"><span class=\"wp-block-navigation-item__label\">Les Galeries<\/span><\/a><button data-wp-bind--aria-expanded=\"state.isMenuOpen\" data-wp-on--click=\"actions.toggleMenuOnClick\" aria-label=\"Sous-menu Les Galeries\" class=\"wp-block-navigation__submenu-icon wp-block-navigation-submenu__toggle\" ><svg xmlns=\"http:\/\/www.w3.org\/2000\/svg\" width=\"12\" height=\"12\" viewBox=\"0 0 12 12\" fill=\"none\" aria-hidden=\"true\" focusable=\"false\"><path d=\"M1.50002 4L6.00002 8L10.5 4\" stroke-width=\"1.5\"><\/path><\/svg><\/button><ul data-wp-on--focus=\"actions.openMenuOnFocus\" class=\"wp-block-navigation__submenu-container wp-block-navigation-submenu\"><li class=\" wp-block-navigation-item wp-block-navigation-link\"><a class=\"wp-block-navigation-item__content\"  href=\"http:\/\/francoisejeannin.com\/index.php\/galerie-colliers\/\"><span class=\"wp-block-navigation-item__label\">Les Colliers<\/span><\/a><\/li><li class=\" wp-block-navigation-item wp-block-navigation-link\"><a class=\"wp-block-navigation-item__content\"  href=\"http:\/\/francoisejeannin.com\/index.php\/galerie-boucliers\/\"><span class=\"wp-block-navigation-item__label\">Boucliers &amp; Broches<\/span><\/a><\/li><li class=\" wp-block-navigation-item wp-block-navigation-link\"><a class=\"wp-block-navigation-item__content\"  href=\"http:\/\/francoisejeannin.com\/index.php\/galerie-socle\/\"><span class=\"wp-block-navigation-item__label\">Les Socles<\/span><\/a><\/li><li class=\" wp-block-navigation-item wp-block-navigation-link\"><a class=\"wp-block-navigation-item__content\"  href=\"http:\/\/francoisejeannin.com\/index.php\/boucle-doreille\/\"><span class=\"wp-block-navigation-item__label\">Boucle d\u2019oreille<\/span><\/a><\/li><\/ul><\/li><li data-wp-context=\"{ &quot;submenuOpenedBy&quot;: { &quot;click&quot;: false, &quot;hover&quot;: false, &quot;focus&quot;: false }, &quot;type&quot;: &quot;submenu&quot;, &quot;modal&quot;: null, &quot;previousFocus&quot;: null }\" data-wp-interactive=\"core\/navigation\" data-wp-on--focusout=\"actions.handleMenuFocusout\" data-wp-on--keydown=\"actions.handleMenuKeydown\" data-wp-on--mouseenter=\"actions.openMenuOnHover\" data-wp-on--mouseleave=\"actions.closeMenuOnHover\" data-wp-watch=\"callbacks.initMenu\" tabindex=\"-1\" class=\"wp-block-navigation-item has-child open-on-hover-click wp-block-navigation-submenu\"><a class=\"wp-block-navigation-item__content\" href=\"http:\/\/francoisejeannin.com\/\"><span class=\"wp-block-navigation-item__label\">D\u00e9couvrir<\/span><\/a><button data-wp-bind--aria-expanded=\"state.isMenuOpen\" data-wp-on--click=\"actions.toggleMenuOnClick\" aria-label=\"Sous-menu D\u00e9couvrir\" class=\"wp-block-navigation__submenu-icon wp-block-navigation-submenu__toggle\" ><svg xmlns=\"http:\/\/www.w3.org\/2000\/svg\" width=\"12\" height=\"12\" viewBox=\"0 0 12 12\" fill=\"none\" aria-hidden=\"true\" focusable=\"false\"><path d=\"M1.50002 4L6.00002 8L10.5 4\" stroke-width=\"1.5\"><\/path><\/svg><\/button><ul data-wp-on--focus=\"actions.openMenuOnFocus\" class=\"wp-block-navigation__submenu-container wp-block-navigation-submenu\"><li class=\" wp-block-navigation-item wp-block-navigation-link\"><a class=\"wp-block-navigation-item__content\"  href=\"http:\/\/francoisejeannin.com\/index.php\/la-presse\/\"><span class=\"wp-block-navigation-item__label\">La Presse<\/span><\/a><\/li><li class=\" wp-block-navigation-item wp-block-navigation-link\"><a class=\"wp-block-navigation-item__content\"  href=\"http:\/\/francoisejeannin.com\/index.php\/le-catalogue\/\"><span class=\"wp-block-navigation-item__label\">Le catalogue<\/span><\/a><\/li><\/ul><\/li><\/ul>\n\t\t\t\t\t\t\t<\/div>\n\t\t\t\t\t\t<\/div>\n\t\t\t\t\t<\/div>\n\t\t\t\t<\/div><\/nav><\/div>\n\n\n\n<h2 class=\"wp-block-heading alignwide has-text-align-center\">L&rsquo;artiste<\/h2>\n\n\n\n<p><\/p>\n\n\n\n<div class=\"wp-block-columns alignwide is-layout-flex wp-container-core-columns-is-layout-28f84493 wp-block-columns-is-layout-flex\">\n<div class=\"wp-block-column is-layout-flow wp-block-column-is-layout-flow\">\n<p class=\"has-text-align-center has-large-font-size\"><strong>Biographie<\/strong><\/p>\n\n\n\n<p class=\"has-text-align-center\"><em>D&rsquo;origine franco-italienne, F. JEANNIN est n\u00e9e \u00e0 Paris o\u00f9 elle a tr\u00e8s t\u00f4t entrepris des \u00e9tudes de Dessin et Arts Plastiques. <br><br>Maintenant install\u00e9e en Val de Loire au coeur d&rsquo;une campagne marqu\u00e9e par les avanc\u00e9es de la Renaissance, elle s&rsquo;est totalement investit dans une recherche atypique sur la m\u00e9tamorphose de la p\u00e2te-\u00e0-papier.<br><br> Sublim\u00e9es par des finitions qui trompent notre regard, ses sculptures \u00e9voquent un ensemble riche d&rsquo;autres mati\u00e8res o\u00f9 la pulpe de papier trouve une noblesse insolite et prennent formes d&rsquo;ornements pr\u00e9cieux.<br><br>La d\u00e9marche innovante de F. JEANNIN est le fruit d&rsquo;un incessant travail o\u00f9 l&rsquo;audace cr\u00e9atrice et la ma\u00eetrise technique se confondent. <br><br>L&rsquo;originalit\u00e9 de ses oeuvres lui vaut de nombreuses sollicitations pour des expositions en galeries ou lors de Salons en France comme \u00e0 l&rsquo;\u00e9tranger.<\/em><\/p>\n<\/div>\n\n\n\n<div class=\"wp-block-column is-layout-flow wp-block-column-is-layout-flow\">\n<figure class=\"wp-block-image size-large\"><img loading=\"lazy\" decoding=\"async\" width=\"882\" height=\"1024\" src=\"https:\/\/francoisejeannin.com\/wp-content\/uploads\/2025\/04\/portrait-recadre-882x1024.jpg\" alt=\"\" class=\"wp-image-1005\" srcset=\"https:\/\/francoisejeannin.com\/wp-content\/uploads\/2025\/04\/portrait-recadre-882x1024.jpg 882w, https:\/\/francoisejeannin.com\/wp-content\/uploads\/2025\/04\/portrait-recadre-258x300.jpg 258w, https:\/\/francoisejeannin.com\/wp-content\/uploads\/2025\/04\/portrait-recadre-768x892.jpg 768w, https:\/\/francoisejeannin.com\/wp-content\/uploads\/2025\/04\/portrait-recadre.jpg 1072w\" sizes=\"auto, (max-width: 882px) 100vw, 882px\" \/><\/figure>\n<\/div>\n\n\n\n<div class=\"wp-block-column is-layout-flow wp-block-column-is-layout-flow\">\n<p class=\"has-text-align-center has-large-font-size\"><strong>Biography<\/strong><\/p>\n\n\n\n<p class=\"has-text-align-center\"><em>Of Franco-Italian origin, F. JEANNIN was born in Paris where she began studying Drawing ans Plastic Arts very early on.<br><br>Now based in Loire Valley in the heart of a countryside marked by the advances of the Renaissance, she has fully invested in atypical research on the metamorphosis of pulp and paper.<br><br>Sublimated by finishes that deceive our gaze, his sculptures evoke a rich set of other materials where the paper pulp finds an unusual nobility and takes the form of precious ornaments.<br><br>The small becomes grandiose and the light mimics opulence.<br><br>F. JEANNIN innovative approach is the result of incessant work where creative audacity and technical mastery merge.<br><br>The originality of his creations has earned him numerous requests for exhibitions in galeries or trade fairs in France and abroad.<\/em><\/p>\n<\/div>\n<\/div>\n\n\n\n<div style=\"height:42px\" aria-hidden=\"true\" class=\"wp-block-spacer\"><\/div>\n\n\n\n<h3 class=\"wp-block-heading alignwide\">Mes grands rendez-vous : <\/h3>\n\n\n\n<p><ul style=\"list-style-type: '\u2014\u00a0\u00a0'\"><font face=\"Helvetica Neue\" size=\"2\"><\/font><font face=\"Helvetica Neue\" size=\"2\"><\/font><\/ul><div><font face=\"Helvetica Neue\" size=\"2\"><\/font><\/div><p style=\"margin: 0px; font-style: normal; font-variant-caps: normal; font-stretch: normal; font-size: 13px; line-height: normal; font-family: &quot;Helvetica Neue&quot;; font-size-adjust: none; font-kerning: auto; font-variant-alternates: normal; font-variant-ligatures: normal; font-variant-numeric: normal; font-variant-east-asian: normal; font-variant-position: normal; font-variant-emoji: normal; font-feature-settings: normal; font-optical-sizing: auto; font-variation-settings: normal;\"><\/p><\/p>\n\n\n\n<ul class=\"wp-block-list\">\n<li>Salon UFK Duba\u00ef 2016<\/li>\n\n\n\n<li>Salon des Beaux Arts \u00e0 Paris (m\u00e9daille d&rsquo;argent en 2019) <\/li>\n\n\n\n<li>Galerie VEKAVA Paris<\/li>\n\n\n\n<li>Salon Maison&amp; Objet Vilepinte depuis 2012.<\/li>\n\n\n\n<li>Pavillon Charles X St Cyr sur Loire 2021<\/li>\n\n\n\n<li>Biennale ART +Ch\u00e2teau de Cang\u00e9 2022 (37)<\/li>\n<\/ul>\n\n\n\n<h4 class=\"wp-block-heading has-text-align-left\">2023<\/h4>\n\n\n\n<ul class=\"wp-block-list\">\n<li>Galerie l&rsquo;Ecu de France 78 Viroflay<\/li>\n\n\n\n<li>Biennale XL Art St Pierre de Corps (37) <\/li>\n\n\n\n<li>Precious Paper chez Proc\u00e9d\u00e9s Chenel 92 Vanves <\/li>\n\n\n\n<li>L&rsquo;art au quotidien Palais des congr\u00e8s 37 Tours <\/li>\n\n\n\n<li>Un autre monde Artoth\u00e8que H\u00f4tel Gouin Tours<\/li>\n<\/ul>\n\n\n\n<h4 class=\"wp-block-heading\">2024<\/h4>\n\n\n\n<ul class=\"wp-block-list\">\n<li>Pavillon Charles X \u00e0 St Cyr du 2 mai au 2juin (37)&nbsp;<\/li>\n\n\n\n<li>BiennaleART + ch\u00e2teau de Cang\u00e9 24 au 26mai (37)<\/li>\n\n\n\n<li>Galerie BCK \u00e0 Marrakech \u00e0 partir du 5 sept 2024 Maroc<\/li>\n<\/ul>\n\n\n\n<div style=\"height:43px\" aria-hidden=\"true\" class=\"wp-block-spacer\"><\/div>\n","protected":false},"excerpt":{"rendered":"<p>L&rsquo;artiste Biographie D&rsquo;origine franco-italienne, F. JEANNIN est n\u00e9e \u00e0 Paris o\u00f9 elle a tr\u00e8s t\u00f4t entrepris des \u00e9tudes de Dessin et Arts Plastiques. Maintenant install\u00e9e en Val de Loire au coeur d&rsquo;une campagne marqu\u00e9e par les avanc\u00e9es de la Renaissance, elle s&rsquo;est totalement investit dans une recherche atypique sur la m\u00e9tamorphose de la p\u00e2te-\u00e0-papier. Sublim\u00e9es [&hellip;]<\/p>\n","protected":false},"author":1,"featured_media":0,"parent":0,"menu_order":0,"comment_status":"closed","ping_status":"closed","template":"","meta":{"footnotes":""},"class_list":["post-750","page","type-page","status-publish","hentry"],"_links":{"self":[{"href":"https:\/\/francoisejeannin.com\/index.php\/wp-json\/wp\/v2\/pages\/750","targetHints":{"allow":["GET"]}}],"collection":[{"href":"https:\/\/francoisejeannin.com\/index.php\/wp-json\/wp\/v2\/pages"}],"about":[{"href":"https:\/\/francoisejeannin.com\/index.php\/wp-json\/wp\/v2\/types\/page"}],"author":[{"embeddable":true,"href":"https:\/\/francoisejeannin.com\/index.php\/wp-json\/wp\/v2\/users\/1"}],"replies":[{"embeddable":true,"href":"https:\/\/francoisejeannin.com\/index.php\/wp-json\/wp\/v2\/comments?post=750"}],"version-history":[{"count":21,"href":"https:\/\/francoisejeannin.com\/index.php\/wp-json\/wp\/v2\/pages\/750\/revisions"}],"predecessor-version":[{"id":1006,"href":"https:\/\/francoisejeannin.com\/index.php\/wp-json\/wp\/v2\/pages\/750\/revisions\/1006"}],"wp:attachment":[{"href":"https:\/\/francoisejeannin.com\/index.php\/wp-json\/wp\/v2\/media?parent=750"}],"curies":[{"name":"wp","href":"https:\/\/api.w.org\/{rel}","templated":true}]}}