{"id":109,"date":"2022-08-30T16:38:33","date_gmt":"2022-08-30T14:38:33","guid":{"rendered":"http:\/\/francoisejeannin.com\/bijoux\/index.php\/colibri-wp\/"},"modified":"2025-10-24T12:03:16","modified_gmt":"2025-10-24T10:03:16","slug":"colibri-wp","status":"publish","type":"page","link":"https:\/\/francoisejeannin.com\/","title":{"rendered":"ACCUEIL DU SITE"},"content":{"rendered":"\n<div class=\"wp-block-group alignwide is-layout-constrained wp-block-group-is-layout-constrained\">\n<div class=\"wp-block-group alignwide is-horizontal is-content-justification-left is-layout-flex wp-container-core-group-is-layout-d195355f wp-block-group-is-layout-flex\" style=\"padding-top:5px;padding-bottom:34px\">\n<div class=\"wp-block-group is-content-justification-center is-layout-flex wp-container-core-group-is-layout-a89b3969 wp-block-group-is-layout-flex\"><div class=\"wp-block-site-logo\"><a href=\"https:\/\/francoisejeannin.com\/\" class=\"custom-logo-link\" rel=\"home\"><img loading=\"lazy\" decoding=\"async\" width=\"140\" height=\"140\" src=\"https:\/\/francoisejeannin.com\/wp-content\/uploads\/2023\/12\/FJ-Noir.png\" class=\"custom-logo\" alt=\"Fran\u00e7oise JEANNIN\" srcset=\"https:\/\/francoisejeannin.com\/wp-content\/uploads\/2023\/12\/FJ-Noir.png 500w, https:\/\/francoisejeannin.com\/wp-content\/uploads\/2023\/12\/FJ-Noir-300x300.png 300w, https:\/\/francoisejeannin.com\/wp-content\/uploads\/2023\/12\/FJ-Noir-150x150.png 150w\" sizes=\"auto, (max-width: 140px) 100vw, 140px\" \/><\/a><\/div>\n\n\n<div class=\"wp-block-group is-layout-flow wp-block-group-is-layout-flow\"><h1 style=\"font-style:normal;font-weight:700;line-height:1.5; margin-top:0px;margin-bottom:0px;margin-left:0;margin-right:0;\" class=\"wp-block-site-title has-large-font-size\">Fran\u00e7oise JEANNIN<\/h1>\n\n<p style=\"font-style:italic;font-weight:400; margin-top:0.25em;margin-bottom:0px;\" class=\"wp-block-site-tagline has-small-font-size\">Bijoux Papier<\/p><\/div>\n<\/div>\n\n\n<nav class=\"is-responsive wp-block-navigation is-layout-flex wp-block-navigation-is-layout-flex\" aria-label=\"Navigation 9\" \n\t\t data-wp-interactive=\"core\/navigation\" data-wp-context='{\"overlayOpenedBy\":{\"click\":false,\"hover\":false,\"focus\":false},\"type\":\"overlay\",\"roleAttribute\":\"\",\"ariaLabel\":\"Menu\"}'><button aria-haspopup=\"dialog\" aria-label=\"Ouvrir le menu\" class=\"wp-block-navigation__responsive-container-open\" \n\t\t\t\tdata-wp-on--click=\"actions.openMenuOnClick\"\n\t\t\t\tdata-wp-on--keydown=\"actions.handleMenuKeydown\"\n\t\t\t><svg width=\"24\" height=\"24\" xmlns=\"http:\/\/www.w3.org\/2000\/svg\" viewBox=\"0 0 24 24\" aria-hidden=\"true\" focusable=\"false\"><path d=\"M4 7.5h16v1.5H4z\"><\/path><path d=\"M4 15h16v1.5H4z\"><\/path><\/svg><\/button>\n\t\t\t\t<div class=\"wp-block-navigation__responsive-container\"  id=\"modal-1\" \n\t\t\t\tdata-wp-class--has-modal-open=\"state.isMenuOpen\"\n\t\t\t\tdata-wp-class--is-menu-open=\"state.isMenuOpen\"\n\t\t\t\tdata-wp-watch=\"callbacks.initMenu\"\n\t\t\t\tdata-wp-on--keydown=\"actions.handleMenuKeydown\"\n\t\t\t\tdata-wp-on--focusout=\"actions.handleMenuFocusout\"\n\t\t\t\ttabindex=\"-1\"\n\t\t\t>\n\t\t\t\t\t<div class=\"wp-block-navigation__responsive-close\" tabindex=\"-1\">\n\t\t\t\t\t\t<div class=\"wp-block-navigation__responsive-dialog\" \n\t\t\t\tdata-wp-bind--aria-modal=\"state.ariaModal\"\n\t\t\t\tdata-wp-bind--aria-label=\"state.ariaLabel\"\n\t\t\t\tdata-wp-bind--role=\"state.roleAttribute\"\n\t\t\t>\n\t\t\t\t\t\t\t<button aria-label=\"Fermer le menu\" class=\"wp-block-navigation__responsive-container-close\" \n\t\t\t\tdata-wp-on--click=\"actions.closeMenuOnClick\"\n\t\t\t><svg xmlns=\"http:\/\/www.w3.org\/2000\/svg\" viewBox=\"0 0 24 24\" width=\"24\" height=\"24\" aria-hidden=\"true\" focusable=\"false\"><path d=\"m13.06 12 6.47-6.47-1.06-1.06L12 10.94 5.53 4.47 4.47 5.53 10.94 12l-6.47 6.47 1.06 1.06L12 13.06l6.47 6.47 1.06-1.06L13.06 12Z\"><\/path><\/svg><\/button>\n\t\t\t\t\t\t\t<div class=\"wp-block-navigation__responsive-container-content\" \n\t\t\t\tdata-wp-watch=\"callbacks.focusFirstElement\"\n\t\t\t id=\"modal-1-content\">\n\t\t\t\t\t\t\t\t<ul class=\"wp-block-navigation__container is-responsive wp-block-navigation\"><li class=\" wp-block-navigation-item wp-block-navigation-link\"><a class=\"wp-block-navigation-item__content\"  href=\"http:\/\/francoisejeannin.com\/\"><span class=\"wp-block-navigation-item__label\">Accueil<\/span><\/a><\/li><li class=\" wp-block-navigation-item wp-block-navigation-link\"><a class=\"wp-block-navigation-item__content\"  href=\"http:\/\/francoisejeannin.com\/index.php\/lartiste\/\"><span class=\"wp-block-navigation-item__label\">Biographie<\/span><\/a><\/li><li class=\" wp-block-navigation-item wp-block-navigation-link\"><a class=\"wp-block-navigation-item__content\"  href=\"http:\/\/francoisejeannin.com\/index.php\/expositions\/\"><span class=\"wp-block-navigation-item__label\">Expositions<\/span><\/a><\/li><li data-wp-context=\"{ &quot;submenuOpenedBy&quot;: { &quot;click&quot;: false, &quot;hover&quot;: false, &quot;focus&quot;: false }, &quot;type&quot;: &quot;submenu&quot;, &quot;modal&quot;: null, &quot;previousFocus&quot;: null }\" data-wp-interactive=\"core\/navigation\" data-wp-on--focusout=\"actions.handleMenuFocusout\" data-wp-on--keydown=\"actions.handleMenuKeydown\" data-wp-on--mouseenter=\"actions.openMenuOnHover\" data-wp-on--mouseleave=\"actions.closeMenuOnHover\" data-wp-watch=\"callbacks.initMenu\" tabindex=\"-1\" class=\"wp-block-navigation-item has-child open-on-hover-click wp-block-navigation-submenu\"><a class=\"wp-block-navigation-item__content\" href=\"http:\/\/francoisejeannin.com\/index.php\/la-galerie\/\"><span class=\"wp-block-navigation-item__label\">Les Galeries<\/span><\/a><button data-wp-bind--aria-expanded=\"state.isMenuOpen\" data-wp-on--click=\"actions.toggleMenuOnClick\" aria-label=\"Sous-menu Les Galeries\" class=\"wp-block-navigation__submenu-icon wp-block-navigation-submenu__toggle\" ><svg xmlns=\"http:\/\/www.w3.org\/2000\/svg\" width=\"12\" height=\"12\" viewBox=\"0 0 12 12\" fill=\"none\" aria-hidden=\"true\" focusable=\"false\"><path d=\"M1.50002 4L6.00002 8L10.5 4\" stroke-width=\"1.5\"><\/path><\/svg><\/button><ul data-wp-on--focus=\"actions.openMenuOnFocus\" class=\"wp-block-navigation__submenu-container wp-block-navigation-submenu\"><li class=\" wp-block-navigation-item wp-block-navigation-link\"><a class=\"wp-block-navigation-item__content\"  href=\"http:\/\/francoisejeannin.com\/index.php\/galerie-colliers\/\"><span class=\"wp-block-navigation-item__label\">Les Colliers<\/span><\/a><\/li><li class=\" wp-block-navigation-item wp-block-navigation-link\"><a class=\"wp-block-navigation-item__content\"  href=\"http:\/\/francoisejeannin.com\/index.php\/galerie-boucliers\/\"><span class=\"wp-block-navigation-item__label\">Boucliers &amp; Broches<\/span><\/a><\/li><li class=\" wp-block-navigation-item wp-block-navigation-link\"><a class=\"wp-block-navigation-item__content\"  href=\"http:\/\/francoisejeannin.com\/index.php\/galerie-socle\/\"><span class=\"wp-block-navigation-item__label\">Les Socles<\/span><\/a><\/li><li class=\" wp-block-navigation-item wp-block-navigation-link\"><a class=\"wp-block-navigation-item__content\"  href=\"http:\/\/francoisejeannin.com\/index.php\/boucle-doreille\/\"><span class=\"wp-block-navigation-item__label\">Boucle d\u2019oreille<\/span><\/a><\/li><\/ul><\/li><li data-wp-context=\"{ &quot;submenuOpenedBy&quot;: { &quot;click&quot;: false, &quot;hover&quot;: false, &quot;focus&quot;: false }, &quot;type&quot;: &quot;submenu&quot;, &quot;modal&quot;: null, &quot;previousFocus&quot;: null }\" data-wp-interactive=\"core\/navigation\" data-wp-on--focusout=\"actions.handleMenuFocusout\" data-wp-on--keydown=\"actions.handleMenuKeydown\" data-wp-on--mouseenter=\"actions.openMenuOnHover\" data-wp-on--mouseleave=\"actions.closeMenuOnHover\" data-wp-watch=\"callbacks.initMenu\" tabindex=\"-1\" class=\"wp-block-navigation-item has-child open-on-hover-click wp-block-navigation-submenu\"><a class=\"wp-block-navigation-item__content\" href=\"http:\/\/francoisejeannin.com\/\"><span class=\"wp-block-navigation-item__label\">D\u00e9couvrir<\/span><\/a><button data-wp-bind--aria-expanded=\"state.isMenuOpen\" data-wp-on--click=\"actions.toggleMenuOnClick\" aria-label=\"Sous-menu D\u00e9couvrir\" class=\"wp-block-navigation__submenu-icon wp-block-navigation-submenu__toggle\" ><svg xmlns=\"http:\/\/www.w3.org\/2000\/svg\" width=\"12\" height=\"12\" viewBox=\"0 0 12 12\" fill=\"none\" aria-hidden=\"true\" focusable=\"false\"><path d=\"M1.50002 4L6.00002 8L10.5 4\" stroke-width=\"1.5\"><\/path><\/svg><\/button><ul data-wp-on--focus=\"actions.openMenuOnFocus\" class=\"wp-block-navigation__submenu-container wp-block-navigation-submenu\"><li class=\" wp-block-navigation-item wp-block-navigation-link\"><a class=\"wp-block-navigation-item__content\"  href=\"http:\/\/francoisejeannin.com\/index.php\/la-presse\/\"><span class=\"wp-block-navigation-item__label\">La Presse<\/span><\/a><\/li><li class=\" wp-block-navigation-item wp-block-navigation-link\"><a class=\"wp-block-navigation-item__content\"  href=\"http:\/\/francoisejeannin.com\/index.php\/le-catalogue\/\"><span class=\"wp-block-navigation-item__label\">Le catalogue<\/span><\/a><\/li><\/ul><\/li><\/ul>\n\t\t\t\t\t\t\t<\/div>\n\t\t\t\t\t\t<\/div>\n\t\t\t\t\t<\/div>\n\t\t\t\t<\/div><\/nav><\/div>\n<\/div>\n\n\n\n<h6 class=\"wp-block-heading alignwide has-text-align-center\" style=\"font-size:40px\">Plasticienne Papier<\/h6>\n\n\n\n<div class=\"wp-block-buttons is-content-justification-center is-layout-flex wp-container-core-buttons-is-layout-a89b3969 wp-block-buttons-is-layout-flex\">\n<div class=\"wp-block-button is-style-outline is-style-outline--2\"><a class=\"wp-block-button__link has-background-color has-foreground-background-color has-text-color has-background has-link-color has-text-align-center wp-element-button\" href=\"http:\/\/francoisejeannin.com\/index.php\/lartiste\/\" style=\"border-style:none;border-width:0px;border-radius:100px\">D\u00e9couvrir l&rsquo;Artiste<\/a><\/div>\n<\/div>\n\n\n\n<hr class=\"wp-block-separator has-alpha-channel-opacity\"\/>\n\n\n\n<div style=\"height:8px\" aria-hidden=\"true\" class=\"wp-block-spacer\"><\/div>\n\n\n\n<figure class=\"wp-block-video alignwide\" style=\"margin-top:0;margin-right:0;margin-bottom:0;margin-left:0;padding-top:0;padding-right:var(--wp--preset--spacing--40);padding-bottom:0;padding-left:var(--wp--preset--spacing--40)\"><video height=\"1080\" style=\"aspect-ratio: 1920 \/ 1080;\" width=\"1920\" autoplay controls src=\"http:\/\/francoisejeannin.com\/wp-content\/uploads\/2024\/05\/Video-1-Site-F-.-JEANNIN.mp4\"><\/video><figcaption class=\"wp-element-caption\">Exposition BIJOUX FOUS 2023<\/figcaption><\/figure>\n\n\n\n<hr class=\"wp-block-separator alignwide has-alpha-channel-opacity is-style-wide\"\/>\n\n\n\n<div style=\"height:10px\" aria-hidden=\"true\" class=\"wp-block-spacer\"><\/div>\n\n\n\n<h2 class=\"wp-block-heading has-text-align-center\" style=\"font-size:70px\">L&rsquo;actualit\u00e9<\/h2>\n\n\n\n<figure class=\"wp-block-gallery has-nested-images columns-default is-cropped wp-block-gallery-3 is-layout-flex wp-block-gallery-is-layout-flex\">\n<figure class=\"wp-block-image size-large\"><img loading=\"lazy\" decoding=\"async\" width=\"1022\" height=\"1024\" data-id=\"1068\" src=\"https:\/\/francoisejeannin.com\/wp-content\/uploads\/2025\/10\/Capture-decran-2025-10-24-a-12.02.35-1022x1024.png\" alt=\"\" class=\"wp-image-1068\" srcset=\"https:\/\/francoisejeannin.com\/wp-content\/uploads\/2025\/10\/Capture-decran-2025-10-24-a-12.02.35-1022x1024.png 1022w, https:\/\/francoisejeannin.com\/wp-content\/uploads\/2025\/10\/Capture-decran-2025-10-24-a-12.02.35-300x300.png 300w, https:\/\/francoisejeannin.com\/wp-content\/uploads\/2025\/10\/Capture-decran-2025-10-24-a-12.02.35-150x150.png 150w, https:\/\/francoisejeannin.com\/wp-content\/uploads\/2025\/10\/Capture-decran-2025-10-24-a-12.02.35-768x769.png 768w, https:\/\/francoisejeannin.com\/wp-content\/uploads\/2025\/10\/Capture-decran-2025-10-24-a-12.02.35.png 1196w\" sizes=\"auto, (max-width: 1022px) 100vw, 1022px\" \/><\/figure>\n\n\n\n<figure class=\"wp-block-image size-large\"><img loading=\"lazy\" decoding=\"async\" width=\"1024\" height=\"768\" data-id=\"1066\" src=\"https:\/\/francoisejeannin.com\/wp-content\/uploads\/2025\/10\/BRUXELLES_25_4x3__FR-1024x768.jpg\" alt=\"\" class=\"wp-image-1066\" srcset=\"https:\/\/francoisejeannin.com\/wp-content\/uploads\/2025\/10\/BRUXELLES_25_4x3__FR-1024x768.jpg 1024w, https:\/\/francoisejeannin.com\/wp-content\/uploads\/2025\/10\/BRUXELLES_25_4x3__FR-300x225.jpg 300w, https:\/\/francoisejeannin.com\/wp-content\/uploads\/2025\/10\/BRUXELLES_25_4x3__FR-768x576.jpg 768w, https:\/\/francoisejeannin.com\/wp-content\/uploads\/2025\/10\/BRUXELLES_25_4x3__FR.jpg 1280w\" sizes=\"auto, (max-width: 1024px) 100vw, 1024px\" \/><\/figure>\n<\/figure>\n\n\n\n<div class=\"wp-block-buttons alignwide is-horizontal is-content-justification-center is-layout-flex wp-container-core-buttons-is-layout-d68a6c7c wp-block-buttons-is-layout-flex\">\n<div class=\"wp-block-button is-style-outline is-style-outline--4\"><a class=\"wp-block-button__link has-background-color has-foreground-background-color has-text-color has-background has-link-color has-medium-font-size has-custom-font-size wp-element-button\" href=\"http:\/\/francoisejeannin.com\/index.php\/expositions\/\" style=\"border-radius:100px\">Expositions<\/a><\/div>\n<\/div>\n\n\n\n<hr class=\"wp-block-separator has-alpha-channel-opacity\"\/>\n\n\n\n<h3 class=\"wp-block-heading alignwide has-text-align-center\" style=\"font-size:50px\">Pr\u00e9c\u00e9demment<\/h3>\n\n\n\n<div class=\"wp-block-group alignwide is-layout-constrained wp-block-group-is-layout-constrained\">\n<figure class=\"wp-block-gallery alignwide has-nested-images columns-default is-cropped wp-block-gallery-5 is-layout-flex wp-block-gallery-is-layout-flex\">\n<figure class=\"wp-block-image size-large\"><img loading=\"lazy\" decoding=\"async\" width=\"683\" height=\"1024\" data-id=\"950\" src=\"http:\/\/francoisejeannin.com\/wp-content\/uploads\/2024\/05\/Collier-1-1-683x1024.jpg\" alt=\"\" class=\"wp-image-950\" srcset=\"https:\/\/francoisejeannin.com\/wp-content\/uploads\/2024\/05\/Collier-1-1-683x1024.jpg 683w, https:\/\/francoisejeannin.com\/wp-content\/uploads\/2024\/05\/Collier-1-1-200x300.jpg 200w, https:\/\/francoisejeannin.com\/wp-content\/uploads\/2024\/05\/Collier-1-1-768x1152.jpg 768w, https:\/\/francoisejeannin.com\/wp-content\/uploads\/2024\/05\/Collier-1-1-1024x1536.jpg 1024w, https:\/\/francoisejeannin.com\/wp-content\/uploads\/2024\/05\/Collier-1-1.jpg 1365w\" sizes=\"auto, (max-width: 683px) 100vw, 683px\" \/><\/figure>\n\n\n\n<figure class=\"wp-block-image size-large\"><img loading=\"lazy\" decoding=\"async\" width=\"768\" height=\"1024\" data-id=\"949\" src=\"http:\/\/francoisejeannin.com\/wp-content\/uploads\/2024\/05\/Collier-2-1-768x1024.jpg\" alt=\"\" class=\"wp-image-949\" srcset=\"https:\/\/francoisejeannin.com\/wp-content\/uploads\/2024\/05\/Collier-2-1-768x1024.jpg 768w, https:\/\/francoisejeannin.com\/wp-content\/uploads\/2024\/05\/Collier-2-1-225x300.jpg 225w, https:\/\/francoisejeannin.com\/wp-content\/uploads\/2024\/05\/Collier-2-1-1152x1536.jpg 1152w, https:\/\/francoisejeannin.com\/wp-content\/uploads\/2024\/05\/Collier-2-1.jpg 1200w\" sizes=\"auto, (max-width: 768px) 100vw, 768px\" \/><\/figure>\n<\/figure>\n<\/div>\n\n\n\n<div class=\"wp-block-columns has-small-font-size is-layout-flex wp-container-core-columns-is-layout-1ec2ec05 wp-block-columns-is-layout-flex\" style=\"border-style:none;border-width:0px;border-radius:0px;margin-top:0;margin-bottom:0;padding-top:0;padding-right:0;padding-bottom:0;padding-left:0\">\n<div class=\"wp-block-column is-vertically-aligned-top has-small-font-size is-layout-flow wp-block-column-is-layout-flow\">\n<figure class=\"wp-block-video aligncenter\" style=\"margin-top:var(--wp--preset--spacing--50);margin-right:0;margin-bottom:var(--wp--preset--spacing--50);margin-left:0;padding-top:var(--wp--preset--spacing--30);padding-right:var(--wp--preset--spacing--70);padding-bottom:var(--wp--preset--spacing--30);padding-left:var(--wp--preset--spacing--70)\"><video height=\"1920\" style=\"aspect-ratio: 1080 \/ 1920;\" width=\"1080\" controls src=\"http:\/\/francoisejeannin.com\/wp-content\/uploads\/2024\/05\/Video-2.2-OK.mp4\"><\/video><\/figure>\n<\/div>\n<\/div>\n\n\n\n<hr class=\"wp-block-separator alignwide has-alpha-channel-opacity is-style-wide\"\/>\n\n\n\n<div style=\"height:14px\" aria-hidden=\"true\" class=\"wp-block-spacer\"><\/div>\n\n\n\n<div class=\"wp-block-group is-layout-constrained wp-block-group-is-layout-constrained\">\n<h2 class=\"wp-block-heading has-text-align-center\" style=\"font-size:62px\">Derni\u00e8res r\u00e9alisations<\/h2>\n<\/div>\n\n\n\n<figure class=\"wp-block-gallery alignwide has-nested-images columns-4 is-cropped wp-block-gallery-6 is-layout-flex wp-block-gallery-is-layout-flex\">\n<figure class=\"wp-block-image size-large\"><a href=\"http:\/\/francoisejeannin.com\/index.php\/lart-au-quotidien\/img_4089\/\"><img loading=\"lazy\" decoding=\"async\" width=\"745\" height=\"1024\" data-id=\"814\" src=\"http:\/\/francoisejeannin.com\/wp-content\/uploads\/2023\/12\/IMG_4089-745x1024.jpg\" alt=\"\" class=\"wp-image-814\" srcset=\"https:\/\/francoisejeannin.com\/wp-content\/uploads\/2023\/12\/IMG_4089-745x1024.jpg 745w, https:\/\/francoisejeannin.com\/wp-content\/uploads\/2023\/12\/IMG_4089-218x300.jpg 218w, https:\/\/francoisejeannin.com\/wp-content\/uploads\/2023\/12\/IMG_4089-768x1056.jpg 768w, https:\/\/francoisejeannin.com\/wp-content\/uploads\/2023\/12\/IMG_4089-1118x1536.jpg 1118w, https:\/\/francoisejeannin.com\/wp-content\/uploads\/2023\/12\/IMG_4089.jpg 1170w\" sizes=\"auto, (max-width: 745px) 100vw, 745px\" \/><\/a><figcaption class=\"wp-element-caption\"><strong>LE VINCI<\/strong><br><strong>420&#215;120<\/strong><\/figcaption><\/figure>\n\n\n\n<figure class=\"wp-block-image size-large\"><img loading=\"lazy\" decoding=\"async\" width=\"713\" height=\"1024\" data-id=\"473\" src=\"http:\/\/francoisejeannin.com\/wp-content\/uploads\/2023\/06\/LEMPIKO-250-x-136-713x1024.png\" alt=\"\" class=\"wp-image-473\" srcset=\"https:\/\/francoisejeannin.com\/wp-content\/uploads\/2023\/06\/LEMPIKO-250-x-136-713x1024.png 713w, https:\/\/francoisejeannin.com\/wp-content\/uploads\/2023\/06\/LEMPIKO-250-x-136-209x300.png 209w, https:\/\/francoisejeannin.com\/wp-content\/uploads\/2023\/06\/LEMPIKO-250-x-136-768x1103.png 768w, https:\/\/francoisejeannin.com\/wp-content\/uploads\/2023\/06\/LEMPIKO-250-x-136-1069x1536.png 1069w, https:\/\/francoisejeannin.com\/wp-content\/uploads\/2023\/06\/LEMPIKO-250-x-136-1426x2048.png 1426w\" sizes=\"auto, (max-width: 713px) 100vw, 713px\" \/><figcaption class=\"wp-element-caption\"><strong>LEMPIKO<\/strong><br><strong>250 x 136<\/strong><\/figcaption><\/figure>\n\n\n\n<figure class=\"wp-block-image size-large\"><a href=\"http:\/\/francoisejeannin.com\/index.php\/galerie-colliers\/la-parure-de-borgo-en-situation\/\"><img loading=\"lazy\" decoding=\"async\" width=\"727\" height=\"1024\" data-id=\"361\" src=\"http:\/\/francoisejeannin.com\/wp-content\/uploads\/2023\/06\/la-Parure-de-BORGO-en-situation--727x1024.jpg\" alt=\"\" class=\"wp-image-361\" srcset=\"https:\/\/francoisejeannin.com\/wp-content\/uploads\/2023\/06\/la-Parure-de-BORGO-en-situation--727x1024.jpg 727w, https:\/\/francoisejeannin.com\/wp-content\/uploads\/2023\/06\/la-Parure-de-BORGO-en-situation--213x300.jpg 213w, https:\/\/francoisejeannin.com\/wp-content\/uploads\/2023\/06\/la-Parure-de-BORGO-en-situation--768x1082.jpg 768w, https:\/\/francoisejeannin.com\/wp-content\/uploads\/2023\/06\/la-Parure-de-BORGO-en-situation-.jpg 1006w\" sizes=\"auto, (max-width: 727px) 100vw, 727px\" \/><\/a><figcaption class=\"wp-element-caption\"><strong>La parure de BORGO<br>280 x 170<\/strong><\/figcaption><\/figure>\n\n\n\n<figure class=\"wp-block-image size-large\"><a href=\"http:\/\/francoisejeannin.com\/index.php\/galerie-colliers\/parure-de-reignac-recadree-2\/\"><img loading=\"lazy\" decoding=\"async\" width=\"723\" height=\"1024\" data-id=\"362\" src=\"http:\/\/francoisejeannin.com\/wp-content\/uploads\/2023\/06\/parure-de-Reignac-recadree-723x1024.jpg\" alt=\"\" class=\"wp-image-362\" srcset=\"https:\/\/francoisejeannin.com\/wp-content\/uploads\/2023\/06\/parure-de-Reignac-recadree-723x1024.jpg 723w, https:\/\/francoisejeannin.com\/wp-content\/uploads\/2023\/06\/parure-de-Reignac-recadree-212x300.jpg 212w, https:\/\/francoisejeannin.com\/wp-content\/uploads\/2023\/06\/parure-de-Reignac-recadree-768x1087.jpg 768w, https:\/\/francoisejeannin.com\/wp-content\/uploads\/2023\/06\/parure-de-Reignac-recadree-1085x1536.jpg 1085w, https:\/\/francoisejeannin.com\/wp-content\/uploads\/2023\/06\/parure-de-Reignac-recadree-1447x2048.jpg 1447w, https:\/\/francoisejeannin.com\/wp-content\/uploads\/2023\/06\/parure-de-Reignac-recadree.jpg 1631w\" sizes=\"auto, (max-width: 723px) 100vw, 723px\" \/><\/a><figcaption class=\"wp-element-caption\"><strong>La parure de REIGNAC<br>300 x 180<\/strong><\/figcaption><\/figure>\n<\/figure>\n\n\n\n<div class=\"wp-block-group alignwide is-layout-constrained wp-block-group-is-layout-constrained\">\n<div class=\"wp-block-buttons alignwide is-content-justification-center is-layout-flex wp-container-core-buttons-is-layout-a89b3969 wp-block-buttons-is-layout-flex\">\n<div class=\"wp-block-button is-style-outline is-style-outline--7\"><a class=\"wp-block-button__link has-foreground-color has-background-background-color has-text-color has-background has-link-color wp-element-button\" href=\"http:\/\/francoisejeannin.com\/index.php\/la-galerie\/\" style=\"border-radius:100px;padding-top:var(--wp--preset--spacing--20);padding-bottom:var(--wp--preset--spacing--20)\"><strong>D\u00e9couvrir les galeries<\/strong><\/a><\/div>\n<\/div>\n<\/div>\n\n\n\n<div style=\"height:100px\" aria-hidden=\"true\" class=\"wp-block-spacer\"><\/div>\n\n\n\n<p><\/p>\n\n\n\n<p><\/p>\n","protected":false},"excerpt":{"rendered":"<p>Plasticienne Papier L&rsquo;actualit\u00e9 Pr\u00e9c\u00e9demment Derni\u00e8res r\u00e9alisations<\/p>\n","protected":false},"author":1,"featured_media":115,"parent":0,"menu_order":0,"comment_status":"closed","ping_status":"closed","template":"","meta":{"footnotes":""},"class_list":["post-109","page","type-page","status-publish","has-post-thumbnail","hentry"],"_links":{"self":[{"href":"https:\/\/francoisejeannin.com\/index.php\/wp-json\/wp\/v2\/pages\/109","targetHints":{"allow":["GET"]}}],"collection":[{"href":"https:\/\/francoisejeannin.com\/index.php\/wp-json\/wp\/v2\/pages"}],"about":[{"href":"https:\/\/francoisejeannin.com\/index.php\/wp-json\/wp\/v2\/types\/page"}],"author":[{"embeddable":true,"href":"https:\/\/francoisejeannin.com\/index.php\/wp-json\/wp\/v2\/users\/1"}],"replies":[{"embeddable":true,"href":"https:\/\/francoisejeannin.com\/index.php\/wp-json\/wp\/v2\/comments?post=109"}],"version-history":[{"count":185,"href":"https:\/\/francoisejeannin.com\/index.php\/wp-json\/wp\/v2\/pages\/109\/revisions"}],"predecessor-version":[{"id":1069,"href":"https:\/\/francoisejeannin.com\/index.php\/wp-json\/wp\/v2\/pages\/109\/revisions\/1069"}],"wp:featuredmedia":[{"embeddable":true,"href":"https:\/\/francoisejeannin.com\/index.php\/wp-json\/wp\/v2\/media\/115"}],"wp:attachment":[{"href":"https:\/\/francoisejeannin.com\/index.php\/wp-json\/wp\/v2\/media?parent=109"}],"curies":[{"name":"wp","href":"https:\/\/api.w.org\/{rel}","templated":true}]}}